{"id":143,"date":"2023-04-02T09:30:03","date_gmt":"2023-04-02T09:30:03","guid":{"rendered":"https:\/\/koimusic.com\/?page_id=143"},"modified":"2024-02-16T15:26:01","modified_gmt":"2024-02-16T15:26:01","slug":"datenschutz","status":"publish","type":"page","link":"https:\/\/koimusic.com\/index.php\/datenschutz\/","title":{"rendered":"DATENSCHUTZ"},"content":{"rendered":"\t\t<div data-elementor-type=\"wp-page\" data-elementor-id=\"143\" class=\"elementor elementor-143\" data-elementor-post-type=\"page\">\n\t\t\t\t\t\t<section class=\"elementor-section elementor-top-section elementor-element elementor-element-218b4b59 elementor-section-boxed elementor-section-height-default elementor-section-height-default\" data-id=\"218b4b59\" data-element_type=\"section\">\n\t\t\t\t\t\t<div class=\"elementor-container elementor-column-gap-default\">\n\t\t\t\t\t<div class=\"elementor-column elementor-col-100 elementor-top-column elementor-element elementor-element-64179d94\" data-id=\"64179d94\" data-element_type=\"column\">\n\t\t\t<div class=\"elementor-widget-wrap elementor-element-populated\">\n\t\t\t\t\t\t<div class=\"elementor-element elementor-element-2b4cb8d7 elementor-widget elementor-widget-text-editor\" data-id=\"2b4cb8d7\" data-element_type=\"widget\" data-widget_type=\"text-editor.default\">\n\t\t\t\t<div class=\"elementor-widget-container\">\n\t\t\t\t\t\t\t\t\t<p><\/p>\n<h2 class=\"wp-block-heading\">DATENSCHUTZERKL\u00c4RUNG<\/h2>\n<p><\/p>\n<p><\/p>\n<p><strong>Verantwortliche Stell<\/strong>e<br \/>KOI Music GmbH<br \/>B\u00fclowstra\u00dfe 66<\/p>\n<p>10783 Berlin<\/p>\n<p>mail: studio@koimusic.com<\/p>\n<p>Web: <a href=\"https:\/\/www.zwei.audio\">https:\/\/www.koimusic.com<\/a><\/p>\n<p>USt.-ID: DE343369865<br \/>FA K\u00f6 III<br \/>Handelsregister HRB 226776 B<br \/>Gesch\u00e4ftsf\u00fchrung: Carlo Maierski, Sebastian Budde<\/p>\n<p><\/p>\n<p><\/p>\n<p>KOI Music nimmt den Schutz Ihrer Daten ernst. Mit dieser Datenschutzerkl\u00e4rung informieren wir Sie \u00fcber Art, Umfang und Zweck der Verarbeitung personenbezogener Daten beim Besuch unserer Website und \u00fcber die Rechte, die Ihnen als betroffener Person zustehen. Bei allen Fragen zum Thema Datenschutz stehen wir jederzeit unter den angegebenen Kontaktdaten zur Verf\u00fcgung. Unsere Datenschutzerkl\u00e4rung f\u00fcr die Verarbeitung personenbezogener Daten registrierter Nutzer finden Sie hier.<\/p>\n<p><\/p>\n<p><\/p>\n<p>F\u00fcr die Bereitstellung unseres Angebots nutzen wir einen Cloud-Service der Amazon Web Services EMEA SARL, 38 Avenue John F. Kennedy, L-1855 Luxemburg (\u201eAWS\u201c). Ihre personenbezogenen Daten werden in unserem Auftrag auf einem AWS-Server in der Europ\u00e4ischen Union gespeichert.<\/p>\n<p><\/p>\n<p><\/p>\n<p><strong>Bereitstellung der Website<\/strong><\/p>\n<p><\/p>\n<p><\/p>\n<p>Um einen reibungslosen Verbindungsaufbau und eine komfortable Nutzung unserer Website zu gew\u00e4hrleisten, erheben wir bei Aufruf der Website vor\u00fcbergehend Informationen \u00fcber den von Ihnen genutzten Browser und Ihr Betriebssystem, den verwendeten Ger\u00e4tetyp, Datum und Uhrzeit des Zugriffs, die angeforderte Website oder Datei und die IP-Adresse in anonymisierter Form. Diese Informationen erlauben keine Identifizierung des Seitenbesuchers und werden sp\u00e4testens nach 3 Monaten gel\u00f6scht.<\/p>\n<p><\/p>\n<p><\/p>\n<p>Rechtsgrundlage f\u00fcr diese Verarbeitung ist Art. 6 (1) lit. f) der Datenschutz-Grundverordnung (DSGVO).<\/p>\n<p><\/p>\n<p><\/p>\n<p><strong>Anfragen per E-Mail oder \u00fcber das Kontaktformular<\/strong><\/p>\n<p><\/p>\n<p><\/p>\n<p>Bei einer Kontaktaufnahme per E-Mail oder \u00fcber ein Kontaktformular werden die mit der E-Mail \u00fcbermittelten bzw. in das Formular eingegebenen personenbezogenen Daten gespeichert. Die Daten werden auf einem AWS-Server in der Europ\u00e4ischen Union gespeichert. Diese Daten werden ausschlie\u00dflich f\u00fcr die Beantwortung der Anfrage verarbeitet. Rechtsgrundlage f\u00fcr diese Verarbeitung ist Art. 6 (1) lit. f.) DSGVO bzw. Art. 6 (1) lit. b) DSGVO, wenn die Anfrage auf einen Vertragsschluss gerichtet ist. Die Daten werden gel\u00f6scht, wenn der Zweck der Verarbeitung wegf\u00e4llt, z.B. die Anfrage abschlie\u00dfend beantwortet ist<\/p>\n<p><\/p>\n<p><\/p>\n<p><strong>Webanalyse<\/strong><\/p>\n<p><\/p>\n<p><\/p>\n<p>F\u00fcr die Analyse der Benutzung unserer Website nutzen wir den Webanalysedienst Matomo. Dabei werden durch ein Cookie Nutzungsinformationen (Ihre IP-Adresse, das Datum und die Dauer Ihres Besuchs) erfasst. Die IP-Adresse wird dabei anonymisiert. Diese Informationen werden zu statistischen Zwecken ausgewertet und danach umgehend gel\u00f6scht, sie werden nicht an Dritte weitergegeben. Durch die Auswertung dieser Statistiken k\u00f6nnen wir unsere Website verbessern und an die Bed\u00fcrfnisse unserer Nutzer anpassen. Rechtsgrundlage f\u00fcr diese Datenverarbeitung ist Art. 6 (1) lit. f) DSGVO.<\/p>\n<p><\/p>\n<p><\/p>\n<p>Sie k\u00f6nnen die Verwendung des Cookies durch eine entsprechende Einstellung Ihres Browsers verhindern. Wenn Sie mit der Speicherung und Nutzung der Informationen \u00fcber Ihren Seitenbesuch nicht einverstanden sind, k\u00f6nnen Sie der Speicherung und Nutzung au\u00dferdem widersprechen, indem Sie das zu diesem Zweck bereitgestellte opt out-Tool auf unserer Website nutzen<\/p>\n<p><\/p>\n<p><\/p>\n<p><strong>Rechte der betroffenen Person<\/strong><\/p>\n<p><\/p>\n<p><\/p>\n<p>Den von einer Verarbeitung personenbezogener Daten betroffenen Personen stehen die folgenden Rechte zu:<\/p>\n<p><\/p>\n<p><\/p>\n<p><strong>Rechte der betroffenen Person<\/strong><\/p>\n<p><\/p>\n<p><\/p>\n<p>Den von einer Verarbeitung personenbezogener Daten betroffenen Personen stehen die folgenden Rechte zu<\/p>\n<p><\/p>\n<p><\/p>\n<ul class=\"wp-block-list\">\n<li style=\"list-style-type: none;\">\n<ul><\/ul>\n<\/li>\n<\/ul>\n<p>\u00a0<\/p>\n<ul>\n<li style=\"list-style-type: none;\">\n<ul>\n<li><strong>Recht auf Auskunft<\/strong>\u00a0\u00fcber die von uns verarbeiteten personenbezogenen Daten, die Verarbeitungszwecke, Kategorien von Empf\u00e4ngern, die Dauer der Speicherung oder die Kriterien f\u00fcr die Festlegung der Speicherdauer, die Herkunft der Daten, Ihre Rechte als betroffene Person, das Bestehen einer automatisierten Entscheidungsfindung einschlie\u00dflich Profiling und \u00fcber die geeigneten Garantien bei der \u00dcbermittlung von Daten an ein Drittland sowie das Recht, eine Kopie Ihrer personenbezogenen Daten zu erhalten;<\/li>\n<\/ul>\n<\/li>\n<\/ul>\n<p><\/p>\n<p><\/p>\n<ul>\n<li style=\"list-style-type: none;\">\n<ul>\n<li><strong>Recht auf Berichtigung<\/strong>\u00a0unrichtiger oder unvollst\u00e4ndiger personenbezogener Daten;<\/li>\n<\/ul>\n<\/li>\n<\/ul>\n<p><\/p>\n<p><\/p>\n<ul>\n<li style=\"list-style-type: none;\">\n<ul>\n<li><strong>Recht auf L\u00f6schung<\/strong>\u00a0personenbezogener Daten, wenn der Zweck der Verarbeitung weggefallen ist, die Einwilligung widerrufen wird oder eine anderweitige Rechtsgrundlage fehlt oder die Daten unrechtm\u00e4\u00dfig verarbeitet wurden oder Sie Widerspruch gegen die Verarbeitung eingelegt haben;<\/li>\n<\/ul>\n<\/li>\n<\/ul>\n<p><\/p>\n<p><\/p>\n<ul>\n<li style=\"list-style-type: none;\">\n<ul>\n<li><strong>Recht auf Einschr\u00e4nkung der Verarbeitung;<\/strong><\/li>\n<\/ul>\n<\/li>\n<\/ul>\n<p><\/p>\n<p><\/p>\n<ul>\n<li style=\"list-style-type: none;\">\n<ul>\n<li><strong>Recht auf Daten\u00fcbertragbarkeit<\/strong>, wenn die Datenverarbeitung auf einer Einwilligung gem\u00e4\u00df Art. 6 (1) lit. a) oder Art. 9 (2) lit. a) oder auf einem Vertrag gem\u00e4\u00df Art. 6 (1) lit. b) DSGVO beruht;<\/li>\n<\/ul>\n<\/li>\n<\/ul>\n<p><\/p>\n<p><\/p>\n<ul>\n<li style=\"list-style-type: none;\">\n<ul>\n<li><strong>Recht auf Widerspruch gegen die Verarbeitung<\/strong>, wenn die Verarbeitung auf berechtigte Interessen gem\u00e4\u00df Art. 6 (1) lit. f) DSGVO gest\u00fctzt ist.<\/li>\n<\/ul>\n<\/li>\n<\/ul>\n<p><\/p>\n<p><\/p>\n<p><\/p>\n<p><strong>Wenn Sie in die Verarbeitung personenbezogener Daten eingewilligt haben, k\u00f6nnen Sie Ihre Einwilligung jederzeit widerrufen. Durch den Widerruf der Einwilligung wird die Rechtm\u00e4\u00dfigkeit der aufgrund der Einwilligung bis zum Widerruf erfolgten Verarbeitung nicht ber\u00fchrt.<\/strong><\/p>\n<p><\/p>\n<p><\/p>\n<p><strong>Der Verarbeitung personenbezogener Daten f\u00fcr Werbezwecke oder f\u00fcr die Webanalyse k\u00f6nnen Sie jederzeit ohne Angabe von Gr\u00fcnden widersprechen.<\/strong><\/p>\n<p><\/p>\n<p><\/p>\n<p>Sie haben au\u00dferdem das\u00a0<strong>Recht auf Beschwerde<\/strong>\u00a0bei einer Aufsichtsbeh\u00f6rde, wenn Sie der Auffassung sind, dass die Verarbeitung Ihrer personenbezogenen Daten rechtswidrig ist.<\/p>\n<div>\u00a0<\/div>\t\t\t\t\t\t\t\t<\/div>\n\t\t\t\t<\/div>\n\t\t\t\t\t<\/div>\n\t\t<\/div>\n\t\t\t\t\t<\/div>\n\t\t<\/section>\n\t\t\t\t<\/div>\n\t\t","protected":false},"excerpt":{"rendered":"<p>DATENSCHUTZERKL\u00c4RUNG Verantwortliche StelleKOI Music GmbHB\u00fclowstra\u00dfe 66 10783 Berlin mail: studio@koimusic.com Web: https:\/\/www.koimusic.com USt.-ID: DE343369865FA K\u00f6 IIIHandelsregister HRB 226776 BGesch\u00e4ftsf\u00fchrung: Carlo Maierski, Sebastian Budde KOI Music nimmt den Schutz Ihrer Daten ernst. Mit dieser Datenschutzerkl\u00e4rung informieren wir Sie \u00fcber Art, Umfang und Zweck der Verarbeitung personenbezogener Daten beim Besuch unserer Website und \u00fcber die Rechte, die&#8230;<\/p>\n","protected":false},"author":1,"featured_media":0,"parent":0,"menu_order":0,"comment_status":"closed","ping_status":"closed","template":"","meta":{"_kad_post_transparent":"disable","_kad_post_title":"hide","_kad_post_layout":"fullwidth","_kad_post_sidebar_id":"","_kad_post_content_style":"unboxed","_kad_post_vertical_padding":"top","_kad_post_feature":"hide","_kad_post_feature_position":"","_kad_post_header":false,"_kad_post_footer":false,"footnotes":""},"class_list":["post-143","page","type-page","status-publish","hentry"],"_links":{"self":[{"href":"https:\/\/koimusic.com\/index.php\/wp-json\/wp\/v2\/pages\/143","targetHints":{"allow":["GET"]}}],"collection":[{"href":"https:\/\/koimusic.com\/index.php\/wp-json\/wp\/v2\/pages"}],"about":[{"href":"https:\/\/koimusic.com\/index.php\/wp-json\/wp\/v2\/types\/page"}],"author":[{"embeddable":true,"href":"https:\/\/koimusic.com\/index.php\/wp-json\/wp\/v2\/users\/1"}],"replies":[{"embeddable":true,"href":"https:\/\/koimusic.com\/index.php\/wp-json\/wp\/v2\/comments?post=143"}],"version-history":[{"count":0,"href":"https:\/\/koimusic.com\/index.php\/wp-json\/wp\/v2\/pages\/143\/revisions"}],"wp:attachment":[{"href":"https:\/\/koimusic.com\/index.php\/wp-json\/wp\/v2\/media?parent=143"}],"curies":[{"name":"wp","href":"https:\/\/api.w.org\/{rel}","templated":true}]}}